{"id":2400,"date":"2023-03-22T11:45:51","date_gmt":"2023-03-22T10:45:51","guid":{"rendered":"https:\/\/costabravaluxurycars.com\/suggerencies-i-reclamacions\/"},"modified":"2023-03-27T11:16:05","modified_gmt":"2023-03-27T09:16:05","slug":"suggeriments-i-reclamacions","status":"publish","type":"page","link":"https:\/\/costabravaluxurycars.com\/ca\/suggeriments-i-reclamacions\/","title":{"rendered":"Suggeriments i reclamacions"},"content":{"rendered":"<p><div class=\"fusion-fullwidth fullwidth-box fusion-builder-row-1 fusion-flex-container nonhundred-percent-fullwidth non-hundred-percent-height-scrolling\" style=\"background-color: rgba(255,255,255,0);background-position: center center;background-repeat: no-repeat;border-width: 0px 0px 0px 0px;border-color:var(--awb-color3);border-style:solid;\" ><div class=\"fusion-builder-row fusion-row fusion-flex-align-items-flex-start\" style=\"max-width:calc( 1200px + 80px );margin-left: calc(-80px \/ 2 );margin-right: calc(-80px \/ 2 );\"><div class=\"fusion-layout-column fusion_builder_column fusion-builder-column-0 fusion_builder_column_1_5 1_5 fusion-flex-column\"><div class=\"fusion-column-wrapper fusion-flex-justify-content-flex-start fusion-content-layout-column\" style=\"background-position:left top;background-repeat:no-repeat;-webkit-background-size:cover;-moz-background-size:cover;-o-background-size:cover;background-size:cover;padding: 0px 0px 0px 0px;\"><\/div><style type=\"text\/css\">.fusion-body .fusion-builder-column-0{width:20% !important;margin-top : 0px;margin-bottom : 20px;}.fusion-builder-column-0 > .fusion-column-wrapper {padding-top : 0px !important;padding-right : 0px !important;margin-right : 40px;padding-bottom : 0px !important;padding-left : 0px !important;margin-left : 40px;}@media only screen and (max-width:1024px) {.fusion-body .fusion-builder-column-0{width:20% !important;order : 0;}.fusion-builder-column-0 > .fusion-column-wrapper {margin-right : 40px;margin-left : 40px;}}@media only screen and (max-width:640px) {.fusion-body .fusion-builder-column-0{width:100% !important;order : 0;}.fusion-builder-column-0 > .fusion-column-wrapper {margin-right : 40px;margin-left : 40px;}}<\/style><\/div><div class=\"fusion-layout-column fusion_builder_column fusion-builder-column-1 fusion_builder_column_3_5 3_5 fusion-flex-column\"><div class=\"fusion-column-wrapper fusion-flex-justify-content-flex-start fusion-content-layout-column\" style=\"background-position:left top;background-repeat:no-repeat;-webkit-background-size:cover;-moz-background-size:cover;-o-background-size:cover;background-size:cover;padding: 0px 0px 0px 0px;\"><style type=\"text\/css\">@media only screen and (max-width:1024px) {.fusion-title.fusion-title-1{margin-top:10px!important; margin-right:0px!important;margin-bottom:15px!important;margin-left:0px!important;}}@media only screen and (max-width:640px) {.fusion-title.fusion-title-1{margin-top:10px!important; margin-right:0px!important;margin-bottom:10px!important; margin-left:0px!important;}}<\/style><div class=\"fusion-title title fusion-title-1 fusion-sep-none fusion-title-text fusion-title-size-two\" style=\"font-size:46px;margin-top:10px;margin-right:0px;margin-bottom:15px;margin-left:0px;\"><h2 class=\"title-heading-left fusion-responsive-typography-calculated\" style=\"margin:0;font-size:1em;text-transform:none;--fontSize:46;line-height:var(--awb-typography1-line-height);\">Suggeriments i reclamacions<\/h2><\/div><div class=\"fusion-separator\" style=\"align-self: flex-start;margin-right:auto;margin-top:1em;margin-bottom:2em;width:100%;max-width:90px;\"><div class=\"fusion-separator-border sep-single sep-solid\" style=\"border-color:var(--awb-color4);border-top-width:3px;\"><\/div><\/div><div class=\"fusion-text fusion-text-1\" style=\"font-size:18px;line-height:30px;\"><p>Emplena el seg\u00fcent formulari per a presentar una queixa o realitzar un suggeriment. Per a una gesti\u00f3 \u00e0gil, aporta el m\u00e0xim de detalls i d\u2019informaci\u00f3 sobre els fets referits.<\/p>\n<\/div><\/div><style type=\"text\/css\">.fusion-body .fusion-builder-column-1{width:60% !important;margin-top : 0px;margin-bottom : 20px;}.fusion-builder-column-1 > .fusion-column-wrapper {padding-top : 0px !important;padding-right : 0px !important;margin-right : 40px;padding-bottom : 0px !important;padding-left : 0px !important;margin-left : 40px;}@media only screen and (max-width:1024px) {.fusion-body .fusion-builder-column-1{width:60% !important;order : 0;}.fusion-builder-column-1 > .fusion-column-wrapper {margin-right : 40px;margin-left : 40px;}}@media only screen and (max-width:640px) {.fusion-body .fusion-builder-column-1{width:100% !important;order : 0;}.fusion-builder-column-1 > .fusion-column-wrapper {margin-right : 40px;margin-left : 40px;}}<\/style><\/div><div class=\"fusion-layout-column fusion_builder_column fusion-builder-column-2 fusion_builder_column_1_5 1_5 fusion-flex-column\"><div class=\"fusion-column-wrapper fusion-flex-justify-content-flex-start fusion-content-layout-column\" style=\"background-position:left top;background-repeat:no-repeat;-webkit-background-size:cover;-moz-background-size:cover;-o-background-size:cover;background-size:cover;padding: 0px 0px 0px 0px;\"><\/div><style type=\"text\/css\">.fusion-body .fusion-builder-column-2{width:20% !important;margin-top : 0px;margin-bottom : 20px;}.fusion-builder-column-2 > .fusion-column-wrapper {padding-top : 0px !important;padding-right : 0px !important;margin-right : 40px;padding-bottom : 0px !important;padding-left : 0px !important;margin-left : 40px;}@media only screen and (max-width:1024px) {.fusion-body .fusion-builder-column-2{width:20% !important;order : 0;}.fusion-builder-column-2 > .fusion-column-wrapper {margin-right : 40px;margin-left : 40px;}}@media only screen and (max-width:640px) {.fusion-body .fusion-builder-column-2{width:100% !important;order : 0;}.fusion-builder-column-2 > .fusion-column-wrapper {margin-right : 40px;margin-left : 40px;}}<\/style><\/div><\/div><style type=\"text\/css\">.fusion-body .fusion-flex-container.fusion-builder-row-1{ padding-top : 5em;margin-top : 0px;padding-right : 0px;padding-bottom : 2em;margin-bottom : 0px;padding-left : 0px;}<\/style><\/div><div class=\"fusion-fullwidth fullwidth-box fusion-builder-row-2 fusion-flex-container nonhundred-percent-fullwidth non-hundred-percent-height-scrolling\" style=\"background-color: rgba(255,255,255,0);background-position: center center;background-repeat: no-repeat;border-width: 0px 0px 0px 0px;border-color:var(--awb-color3);border-style:solid;\" ><div class=\"fusion-builder-row fusion-row fusion-flex-align-items-flex-start\" style=\"max-width:calc( 1200px + 80px );margin-left: calc(-80px \/ 2 );margin-right: calc(-80px \/ 2 );\"><div class=\"fusion-layout-column fusion_builder_column fusion-builder-column-3 fusion_builder_column_1_1 1_1 fusion-flex-column\"><div class=\"fusion-column-wrapper fusion-flex-justify-content-flex-start fusion-content-layout-column\" style=\"background-position:left top;background-repeat:no-repeat;-webkit-background-size:cover;-moz-background-size:cover;-o-background-size:cover;background-size:cover;padding: 0px 0px 0px 0px;\">\n<div class=\"wpcf7 no-js\" id=\"wpcf7-f2398-o1\" lang=\"ca\" dir=\"ltr\" data-wpcf7-id=\"2398\">\n<div class=\"screen-reader-response\"><p role=\"status\" aria-live=\"polite\" aria-atomic=\"true\"><\/p> <ul><\/ul><\/div>\n<form action=\"\/ca\/wp-json\/wp\/v2\/pages\/2400#wpcf7-f2398-o1\" method=\"post\" class=\"wpcf7-form init\" aria-label=\"Formulari de contacte\" enctype=\"multipart\/form-data\" novalidate=\"novalidate\" data-status=\"init\">\n<fieldset class=\"hidden-fields-container\"><input type=\"hidden\" name=\"_wpcf7\" value=\"2398\" \/><input type=\"hidden\" name=\"_wpcf7_version\" value=\"6.1.6\" \/><input type=\"hidden\" name=\"_wpcf7_locale\" value=\"ca\" \/><input type=\"hidden\" name=\"_wpcf7_unit_tag\" value=\"wpcf7-f2398-o1\" \/><input type=\"hidden\" name=\"_wpcf7_container_post\" value=\"0\" \/><input type=\"hidden\" name=\"_wpcf7_posted_data_hash\" value=\"\" \/><input type=\"hidden\" name=\"_wpcf7_recaptcha_response\" value=\"\" \/>\n<\/fieldset>\n<p><label for=\"company\"> Empresa \/ Entitat<br \/>\n<span class=\"wpcf7-form-control-wrap\" data-name=\"company\"><input size=\"40\" maxlength=\"400\" class=\"wpcf7-form-control wpcf7-text\" aria-invalid=\"false\" value=\"\" type=\"text\" name=\"company\" \/><\/span> <\/label>\n<\/p>\n<p><label for=\"contact-person\"> Persona de contacte *<br \/>\n<span class=\"wpcf7-form-control-wrap\" data-name=\"contact-person\"><input size=\"40\" maxlength=\"400\" class=\"wpcf7-form-control wpcf7-text wpcf7-validates-as-required\" aria-required=\"true\" aria-invalid=\"false\" value=\"\" type=\"text\" name=\"contact-person\" \/><\/span> <\/label>\n<\/p>\n<p><label for=\"address\"> Adre\u00e7a *<br \/>\n<span class=\"wpcf7-form-control-wrap\" data-name=\"address\"><input size=\"40\" maxlength=\"400\" class=\"wpcf7-form-control wpcf7-text wpcf7-validates-as-required\" aria-required=\"true\" aria-invalid=\"false\" value=\"\" type=\"text\" name=\"address\" \/><\/span> <\/label>\n<\/p>\n<p><label for=\"phone\"> Tel\u00e8fon<br \/>\n<span class=\"wpcf7-form-control-wrap\" data-name=\"phone\"><input size=\"40\" maxlength=\"400\" class=\"wpcf7-form-control wpcf7-tel wpcf7-text wpcf7-validates-as-tel\" aria-invalid=\"false\" value=\"\" type=\"tel\" name=\"phone\" \/><\/span> <\/label>\n<\/p>\n<p><label for=\"your-email\"> Correu electr\u00f2nic *<br \/>\n<span class=\"wpcf7-form-control-wrap\" data-name=\"your-email\"><input size=\"40\" maxlength=\"400\" class=\"wpcf7-form-control wpcf7-email wpcf7-validates-as-required wpcf7-text wpcf7-validates-as-email\" aria-required=\"true\" aria-invalid=\"false\" value=\"\" type=\"email\" name=\"your-email\" \/><\/span> <\/label>\n<\/p>\n<p><label for=\"fecha-incidencia\"> Data de la incid\u00e8ncia *<br \/>\n<span class=\"wpcf7-form-control-wrap\" data-name=\"fecha-incidencia\"><input class=\"wpcf7-form-control wpcf7-date wpcf7-validates-as-required wpcf7-validates-as-date\" aria-required=\"true\" aria-invalid=\"false\" value=\"\" type=\"date\" name=\"fecha-incidencia\" \/><\/span><\/label>\n<\/p>\n<p><label for=\"hora-incidencia\"> Hora aproximada de la incid\u00e8ncia<br \/>\n<input type=\"time\" name=\"hora-incidencia\" value=\"\" \/><br \/>\n<\/label>\n<\/p>\n<p>La teva reclamaci\u00f3 requereix resposta? *<br \/>\n<span class=\"wpcf7-form-control-wrap\" data-name=\"respuesta\"><span class=\"wpcf7-form-control wpcf7-radio\"><span class=\"wpcf7-list-item first\"><label><input type=\"radio\" name=\"respuesta\" value=\"S\u00ed\" checked=\"checked\" \/><span class=\"wpcf7-list-item-label\">S\u00ed<\/span><\/label><\/span><span class=\"wpcf7-list-item last\"><label><input type=\"radio\" name=\"respuesta\" value=\"No\" \/><span class=\"wpcf7-list-item-label\">No<\/span><\/label><\/span><\/span><\/span>\n<\/p>\n<p>Pots adjuntar fins a tres arxius en aquest formulari:<br \/>\n<span class=\"wpcf7-form-control-wrap\" data-name=\"sugg_file1\"><input size=\"40\" class=\"wpcf7-form-control wpcf7-file\" accept=\".doc,.docx,.pdf,.jpg,.jpeg,.png\" aria-invalid=\"false\" type=\"file\" name=\"sugg_file1\" \/><\/span><br \/>\n<span class=\"wpcf7-form-control-wrap\" data-name=\"sugg_file2\"><input size=\"40\" class=\"wpcf7-form-control wpcf7-file\" accept=\".doc,.docx,.pdf,.jpg,.jpeg,.png\" aria-invalid=\"false\" type=\"file\" name=\"sugg_file2\" \/><\/span><br \/>\n<span class=\"wpcf7-form-control-wrap\" data-name=\"sugg_file3\"><input size=\"40\" class=\"wpcf7-form-control wpcf7-file\" accept=\".doc,.docx,.pdf,.jpg,.jpeg,.png\" aria-invalid=\"false\" type=\"file\" name=\"sugg_file3\" \/><\/span><br \/>\nAdjunteu nom\u00e9s arxius .DOC, .PDF, .JPG o .PNG de m\u00e0xim 2 MB de tamany.\n<\/p>\n<p><label for=\"your-message\"> Comentaris *<br \/>\n<span class=\"wpcf7-form-control-wrap\" data-name=\"your-message\"><textarea cols=\"40\" rows=\"10\" maxlength=\"2000\" class=\"wpcf7-form-control wpcf7-textarea wpcf7-validates-as-required\" aria-required=\"true\" aria-invalid=\"false\" name=\"your-message\"><\/textarea><\/span> <\/label>\n<\/p>\n<p><span class=\"wpcf7-form-control-wrap\" data-name=\"consent\"><span class=\"wpcf7-form-control wpcf7-acceptance\"><span class=\"wpcf7-list-item\"><label><input type=\"checkbox\" name=\"consent\" value=\"1\" aria-invalid=\"false\" \/><span class=\"wpcf7-list-item-label\">He llegit i acepto la <a href=\"\/politica-privacidad\/\" target=\"_blank\">Pol\u00edtica de Privacitat<\/a>.<\/span><\/label><\/span><\/span><\/span>\n<\/p>\n<p><input class=\"wpcf7-form-control wpcf7-submit has-spinner\" type=\"submit\" value=\"Enviar\" \/>\n<\/p><div class=\"fusion-alert alert custom alert-custom fusion-alert-center wpcf7-response-output alert-dismissable\" role=\"alert\" style=\"border-width:1px;\"><div class=\"fusion-alert-content-wrapper\"><span class=\"fusion-alert-content\"><\/span><\/div><button type=\"button\" class=\"close toggle-alert\" data-dismiss=\"alert\" aria-label=\"Close\">&times;<\/button><\/div>\n<\/form>\n<\/div>\n<\/div><style type=\"text\/css\">.fusion-body .fusion-builder-column-3{width:100% !important;margin-top : 0px;margin-bottom : 20px;}.fusion-builder-column-3 > .fusion-column-wrapper {padding-top : 0px !important;padding-right : 0px !important;margin-right : 40px;padding-bottom : 0px !important;padding-left : 0px !important;margin-left : 40px;}@media only screen and (max-width:1024px) {.fusion-body .fusion-builder-column-3{width:100% !important;order : 0;}.fusion-builder-column-3 > .fusion-column-wrapper {margin-right : 40px;margin-left : 40px;}}@media only screen and (max-width:640px) {.fusion-body .fusion-builder-column-3{width:100% !important;order : 0;}.fusion-builder-column-3 > .fusion-column-wrapper {margin-right : 40px;margin-left : 40px;}}<\/style><\/div><\/div><style type=\"text\/css\">.fusion-body .fusion-flex-container.fusion-builder-row-2{ padding-top : 0px;margin-top : 0px;padding-right : 0px;padding-bottom : 0px;margin-bottom : 0px;padding-left : 0px;}<\/style><\/div><\/p>\n","protected":false},"excerpt":{"rendered":"","protected":false},"author":2,"featured_media":0,"parent":0,"menu_order":0,"comment_status":"closed","ping_status":"closed","template":"","meta":{"footnotes":""},"class_list":["post-2400","page","type-page","status-publish","hentry"],"yoast_head":"<!-- This site is optimized with the Yoast SEO plugin v27.6 - https:\/\/yoast.com\/product\/yoast-seo-wordpress\/ -->\n<title>Suggeriments i reclamacions &#171; Costa Brava Luxury Cars<\/title>\n<meta name=\"robots\" content=\"index, follow, max-snippet:-1, max-image-preview:large, max-video-preview:-1\" \/>\n<link rel=\"canonical\" href=\"https:\/\/costabravaluxurycars.com\/ca\/suggeriments-i-reclamacions\/\" \/>\n<meta property=\"og:locale\" content=\"ca_ES\" \/>\n<meta property=\"og:type\" content=\"article\" \/>\n<meta property=\"og:title\" content=\"Suggeriments i reclamacions &#171; Costa Brava Luxury Cars\" \/>\n<meta property=\"og:url\" content=\"https:\/\/costabravaluxurycars.com\/ca\/suggeriments-i-reclamacions\/\" \/>\n<meta property=\"og:site_name\" content=\"Costa Brava Luxury Cars\" \/>\n<meta property=\"article:publisher\" content=\"https:\/\/www.facebook.com\/costabravaluxurycars\/\" \/>\n<meta property=\"article:modified_time\" content=\"2023-03-27T09:16:05+00:00\" \/>\n<meta name=\"twitter:card\" content=\"summary_large_image\" \/>\n<meta name=\"twitter:label1\" content=\"Temps estimat de lectura\" \/>\n\t<meta name=\"twitter:data1\" content=\"3 minuts\" \/>\n<script type=\"application\/ld+json\" class=\"yoast-schema-graph\">{\"@context\":\"https:\\\/\\\/schema.org\",\"@graph\":[{\"@type\":\"WebPage\",\"@id\":\"https:\\\/\\\/costabravaluxurycars.com\\\/ca\\\/suggeriments-i-reclamacions\\\/\",\"url\":\"https:\\\/\\\/costabravaluxurycars.com\\\/ca\\\/suggeriments-i-reclamacions\\\/\",\"name\":\"Suggeriments i reclamacions &#171; Costa Brava Luxury Cars\",\"isPartOf\":{\"@id\":\"https:\\\/\\\/costabravaluxurycars.com\\\/ca\\\/#website\"},\"datePublished\":\"2023-03-22T10:45:51+00:00\",\"dateModified\":\"2023-03-27T09:16:05+00:00\",\"breadcrumb\":{\"@id\":\"https:\\\/\\\/costabravaluxurycars.com\\\/ca\\\/suggeriments-i-reclamacions\\\/#breadcrumb\"},\"inLanguage\":\"ca\",\"potentialAction\":[{\"@type\":\"ReadAction\",\"target\":[\"https:\\\/\\\/costabravaluxurycars.com\\\/ca\\\/suggeriments-i-reclamacions\\\/\"]}]},{\"@type\":\"BreadcrumbList\",\"@id\":\"https:\\\/\\\/costabravaluxurycars.com\\\/ca\\\/suggeriments-i-reclamacions\\\/#breadcrumb\",\"itemListElement\":[{\"@type\":\"ListItem\",\"position\":1,\"name\":\"Portada\",\"item\":\"https:\\\/\\\/costabravaluxurycars.com\\\/ca\\\/\"},{\"@type\":\"ListItem\",\"position\":2,\"name\":\"Suggeriments i reclamacions\"}]},{\"@type\":\"WebSite\",\"@id\":\"https:\\\/\\\/costabravaluxurycars.com\\\/ca\\\/#website\",\"url\":\"https:\\\/\\\/costabravaluxurycars.com\\\/ca\\\/\",\"name\":\"Costa Brava Luxury Cars\",\"description\":\"Alquiler de veh\u00edculos de lujo con conductor\",\"publisher\":{\"@id\":\"https:\\\/\\\/costabravaluxurycars.com\\\/ca\\\/#organization\"},\"potentialAction\":[{\"@type\":\"SearchAction\",\"target\":{\"@type\":\"EntryPoint\",\"urlTemplate\":\"https:\\\/\\\/costabravaluxurycars.com\\\/ca\\\/?s={search_term_string}\"},\"query-input\":{\"@type\":\"PropertyValueSpecification\",\"valueRequired\":true,\"valueName\":\"search_term_string\"}}],\"inLanguage\":\"ca\"},{\"@type\":\"Organization\",\"@id\":\"https:\\\/\\\/costabravaluxurycars.com\\\/ca\\\/#organization\",\"name\":\"Costa Brava Luxury Cars\",\"url\":\"https:\\\/\\\/costabravaluxurycars.com\\\/ca\\\/\",\"logo\":{\"@type\":\"ImageObject\",\"inLanguage\":\"ca\",\"@id\":\"https:\\\/\\\/costabravaluxurycars.com\\\/ca\\\/#\\\/schema\\\/logo\\\/image\\\/\",\"url\":\"https:\\\/\\\/costabravaluxurycars.com\\\/wp-content\\\/uploads\\\/2022\\\/03\\\/costa-brava-luxury-cars-logo.png\",\"contentUrl\":\"https:\\\/\\\/costabravaluxurycars.com\\\/wp-content\\\/uploads\\\/2022\\\/03\\\/costa-brava-luxury-cars-logo.png\",\"width\":386,\"height\":128,\"caption\":\"Costa Brava Luxury Cars\"},\"image\":{\"@id\":\"https:\\\/\\\/costabravaluxurycars.com\\\/ca\\\/#\\\/schema\\\/logo\\\/image\\\/\"},\"sameAs\":[\"https:\\\/\\\/www.facebook.com\\\/costabravaluxurycars\\\/\",\"https:\\\/\\\/www.instagram.com\\\/costabravaluxurycars\\\/\"]}]}<\/script>\n<!-- \/ Yoast SEO plugin. -->","yoast_head_json":{"title":"Suggeriments i reclamacions &#171; Costa Brava Luxury Cars","robots":{"index":"index","follow":"follow","max-snippet":"max-snippet:-1","max-image-preview":"max-image-preview:large","max-video-preview":"max-video-preview:-1"},"canonical":"https:\/\/costabravaluxurycars.com\/ca\/suggeriments-i-reclamacions\/","og_locale":"ca_ES","og_type":"article","og_title":"Suggeriments i reclamacions &#171; Costa Brava Luxury Cars","og_url":"https:\/\/costabravaluxurycars.com\/ca\/suggeriments-i-reclamacions\/","og_site_name":"Costa Brava Luxury Cars","article_publisher":"https:\/\/www.facebook.com\/costabravaluxurycars\/","article_modified_time":"2023-03-27T09:16:05+00:00","twitter_card":"summary_large_image","twitter_misc":{"Temps estimat de lectura":"3 minuts"},"schema":{"@context":"https:\/\/schema.org","@graph":[{"@type":"WebPage","@id":"https:\/\/costabravaluxurycars.com\/ca\/suggeriments-i-reclamacions\/","url":"https:\/\/costabravaluxurycars.com\/ca\/suggeriments-i-reclamacions\/","name":"Suggeriments i reclamacions &#171; Costa Brava Luxury Cars","isPartOf":{"@id":"https:\/\/costabravaluxurycars.com\/ca\/#website"},"datePublished":"2023-03-22T10:45:51+00:00","dateModified":"2023-03-27T09:16:05+00:00","breadcrumb":{"@id":"https:\/\/costabravaluxurycars.com\/ca\/suggeriments-i-reclamacions\/#breadcrumb"},"inLanguage":"ca","potentialAction":[{"@type":"ReadAction","target":["https:\/\/costabravaluxurycars.com\/ca\/suggeriments-i-reclamacions\/"]}]},{"@type":"BreadcrumbList","@id":"https:\/\/costabravaluxurycars.com\/ca\/suggeriments-i-reclamacions\/#breadcrumb","itemListElement":[{"@type":"ListItem","position":1,"name":"Portada","item":"https:\/\/costabravaluxurycars.com\/ca\/"},{"@type":"ListItem","position":2,"name":"Suggeriments i reclamacions"}]},{"@type":"WebSite","@id":"https:\/\/costabravaluxurycars.com\/ca\/#website","url":"https:\/\/costabravaluxurycars.com\/ca\/","name":"Costa Brava Luxury Cars","description":"Alquiler de veh\u00edculos de lujo con conductor","publisher":{"@id":"https:\/\/costabravaluxurycars.com\/ca\/#organization"},"potentialAction":[{"@type":"SearchAction","target":{"@type":"EntryPoint","urlTemplate":"https:\/\/costabravaluxurycars.com\/ca\/?s={search_term_string}"},"query-input":{"@type":"PropertyValueSpecification","valueRequired":true,"valueName":"search_term_string"}}],"inLanguage":"ca"},{"@type":"Organization","@id":"https:\/\/costabravaluxurycars.com\/ca\/#organization","name":"Costa Brava Luxury Cars","url":"https:\/\/costabravaluxurycars.com\/ca\/","logo":{"@type":"ImageObject","inLanguage":"ca","@id":"https:\/\/costabravaluxurycars.com\/ca\/#\/schema\/logo\/image\/","url":"https:\/\/costabravaluxurycars.com\/wp-content\/uploads\/2022\/03\/costa-brava-luxury-cars-logo.png","contentUrl":"https:\/\/costabravaluxurycars.com\/wp-content\/uploads\/2022\/03\/costa-brava-luxury-cars-logo.png","width":386,"height":128,"caption":"Costa Brava Luxury Cars"},"image":{"@id":"https:\/\/costabravaluxurycars.com\/ca\/#\/schema\/logo\/image\/"},"sameAs":["https:\/\/www.facebook.com\/costabravaluxurycars\/","https:\/\/www.instagram.com\/costabravaluxurycars\/"]}]}},"_links":{"self":[{"href":"https:\/\/costabravaluxurycars.com\/ca\/wp-json\/wp\/v2\/pages\/2400","targetHints":{"allow":["GET"]}}],"collection":[{"href":"https:\/\/costabravaluxurycars.com\/ca\/wp-json\/wp\/v2\/pages"}],"about":[{"href":"https:\/\/costabravaluxurycars.com\/ca\/wp-json\/wp\/v2\/types\/page"}],"author":[{"embeddable":true,"href":"https:\/\/costabravaluxurycars.com\/ca\/wp-json\/wp\/v2\/users\/2"}],"replies":[{"embeddable":true,"href":"https:\/\/costabravaluxurycars.com\/ca\/wp-json\/wp\/v2\/comments?post=2400"}],"version-history":[{"count":10,"href":"https:\/\/costabravaluxurycars.com\/ca\/wp-json\/wp\/v2\/pages\/2400\/revisions"}],"predecessor-version":[{"id":2416,"href":"https:\/\/costabravaluxurycars.com\/ca\/wp-json\/wp\/v2\/pages\/2400\/revisions\/2416"}],"wp:attachment":[{"href":"https:\/\/costabravaluxurycars.com\/ca\/wp-json\/wp\/v2\/media?parent=2400"}],"curies":[{"name":"wp","href":"https:\/\/api.w.org\/{rel}","templated":true}]}}